{"id":17450,"date":"2023-05-08T22:24:04","date_gmt":"2023-05-08T20:24:04","guid":{"rendered":"https:\/\/diabcor.pl\/?page_id=17450"},"modified":"2023-05-08T22:25:17","modified_gmt":"2023-05-08T20:25:17","slug":"department-2","status":"publish","type":"page","link":"https:\/\/diabcor.pl\/?page_id=17450","title":{"rendered":"Polityka plik\u00f3w cookies"},"content":{"rendered":"\t\t<div data-elementor-type=\"wp-page\" data-elementor-id=\"17450\" class=\"elementor elementor-17450\">\n\t\t\t\t\t\t\t\t\t<section class=\"elementor-section elementor-top-section elementor-element elementor-element-ce84c9c elementor-section-boxed elementor-section-height-default elementor-section-height-default\" data-id=\"ce84c9c\" data-element_type=\"section\">\n\t\t\t\t\t\t<div class=\"elementor-container elementor-column-gap-default\">\n\t\t\t\t\t<div class=\"elementor-column elementor-col-100 elementor-top-column elementor-element elementor-element-2f88e3e\" data-id=\"2f88e3e\" data-element_type=\"column\">\n\t\t\t<div class=\"elementor-widget-wrap elementor-element-populated\">\n\t\t\t\t\t\t\t\t<div class=\"elementor-element elementor-element-c41e5a0 elementor-widget elementor-widget-heading\" data-id=\"c41e5a0\" data-element_type=\"widget\" data-widget_type=\"heading.default\">\n\t\t\t\t<div class=\"elementor-widget-container\">\n\t\t\t<style>\/*! elementor - v3.15.0 - 02-08-2023 *\/\n.elementor-heading-title{padding:0;margin:0;line-height:1}.elementor-widget-heading .elementor-heading-title[class*=elementor-size-]>a{color:inherit;font-size:inherit;line-height:inherit}.elementor-widget-heading .elementor-heading-title.elementor-size-small{font-size:15px}.elementor-widget-heading .elementor-heading-title.elementor-size-medium{font-size:19px}.elementor-widget-heading .elementor-heading-title.elementor-size-large{font-size:29px}.elementor-widget-heading .elementor-heading-title.elementor-size-xl{font-size:39px}.elementor-widget-heading .elementor-heading-title.elementor-size-xxl{font-size:59px}<\/style><h2 class=\"elementor-heading-title elementor-size-default\">Polityka plik\u00f3w cookies<\/h2>\t\t<\/div>\n\t\t\t\t<\/div>\n\t\t\t\t\t<\/div>\n\t\t<\/div>\n\t\t\t\t\t\t\t<\/div>\n\t\t<\/section>\n\t\t\t\t<section class=\"elementor-section elementor-top-section elementor-element elementor-element-6f124a1 elementor-section-boxed elementor-section-height-default elementor-section-height-default\" data-id=\"6f124a1\" data-element_type=\"section\">\n\t\t\t\t\t\t<div class=\"elementor-container elementor-column-gap-default\">\n\t\t\t\t\t<div class=\"elementor-column elementor-col-100 elementor-top-column elementor-element elementor-element-bebece2\" data-id=\"bebece2\" data-element_type=\"column\">\n\t\t\t<div class=\"elementor-widget-wrap elementor-element-populated\">\n\t\t\t\t\t\t\t\t<div class=\"elementor-element elementor-element-15ca1e4 elementor-widget elementor-widget-text-editor\" data-id=\"15ca1e4\" data-element_type=\"widget\" data-widget_type=\"text-editor.default\">\n\t\t\t\t<div class=\"elementor-widget-container\">\n\t\t\t<style>\/*! elementor - v3.15.0 - 02-08-2023 *\/\n.elementor-widget-text-editor.elementor-drop-cap-view-stacked .elementor-drop-cap{background-color:#69727d;color:#fff}.elementor-widget-text-editor.elementor-drop-cap-view-framed .elementor-drop-cap{color:#69727d;border:3px solid;background-color:transparent}.elementor-widget-text-editor:not(.elementor-drop-cap-view-default) .elementor-drop-cap{margin-top:8px}.elementor-widget-text-editor:not(.elementor-drop-cap-view-default) .elementor-drop-cap-letter{width:1em;height:1em}.elementor-widget-text-editor .elementor-drop-cap{float:left;text-align:center;line-height:1;font-size:50px}.elementor-widget-text-editor .elementor-drop-cap-letter{display:inline-block}<\/style>\t\t\t\t<p>Pliki cookies (tzw. \u201eciasteczka\u201d) stanowi\u0105 dane informatyczne, w\u00a0szczeg\u00f3lno\u015bci pliki tekstowe, kt\u00f3re przechowywane s\u0105 w\u00a0urz\u0105dzeniu ko\u0144cowym U\u017cytkownika Serwisu i\u00a0przeznaczone s\u0105 do\u00a0korzystania ze\u00a0stron internetowych Serwisu. Cookies zazwyczaj zawieraj\u0105 nazw\u0119 strony internetowej, z\u00a0kt\u00f3rej pochodz\u0105, czas przechowywania ich na\u00a0urz\u0105dzeniu ko\u0144cowym oraz\u00a0unikalny numer.<\/p><ol><li>Podmiotem zamieszczaj\u0105cym na\u00a0urz\u0105dzeniu ko\u0144cowym U\u017cytkownika Serwisu pliki cookies oraz\u00a0uzyskuj\u0105cym do\u00a0nich dost\u0119p jest operator Serwisu.<\/li><li>Pliki cookies wykorzystywane s\u0105 w\u00a0nast\u0119puj\u0105cych celach:<\/li><\/ol><ul><li>Tworzenia statystyk, kt\u00f3re pomagaj\u0105 zrozumie\u0107, w\u00a0jaki spos\u00f3b U\u017cytkownicy Serwisu korzystaj\u0105 ze\u00a0stron internetowych, co umo\u017cliwia ulepszanie ich struktury i\u00a0zawarto\u015bci.<\/li><li>Utrzymanie sesji U\u017cytkownika Serwisu (po\u00a0zalogowaniu), dzi\u0119ki kt\u00f3rej\u00a0U\u017cytkownik nie\u00a0musi na\u00a0ka\u017cdej podstronie Serwisu ponownie wpisywa\u0107 loginu i\u00a0has\u0142a.<\/li><\/ul><ol start=\"3\"><li>W\u00a0ramach Serwisu stosowane s\u0105 dwa zasadnicze rodzaje plik\u00f3w cookies: \u201esesyjne\u201d (session cookies) oraz\u00a0\u201esta\u0142e\u201d (persistent cookies). Cookies \u201esesyjne\u201d s\u0105 plikami tymczasowymi, kt\u00f3re przechowywane s\u0105 w\u00a0urz\u0105dzeniu ko\u0144cowym U\u017cytkownika do\u00a0czasu wylogowania, opuszczenia strony internetowej lub wy\u0142\u0105czenia oprogramowania (przegl\u0105darki internetowej). \u201eSta\u0142e\u201d pliki cookies przechowywane s\u0105 w\u00a0urz\u0105dzeniu ko\u0144cowym U\u017cytkownika przez\u00a0czas okre\u015blony w\u00a0parametrach plik\u00f3w cookies lub do\u00a0czasu ich usuni\u0119cia przez\u00a0U\u017cytkownika. Oprogramowanie do\u00a0przegl\u0105dania stron internetowych (przegl\u0105darka internetowa) zazwyczaj domy\u015blnie dopuszcza przechowywanie plik\u00f3w cookies w\u00a0urz\u0105dzeniu ko\u0144cowym U\u017cytkownika. U\u017cytkownicy Serwisu mog\u0105 dokona\u0107 zmiany ustawie\u0144 w\u00a0tym zakresie. Przegl\u0105darka internetowa umo\u017cliwia usuni\u0119cie plik\u00f3w cookies. Mo\u017cliwe jest tak\u017ce automatyczne blokowanie plik\u00f3w cookies Szczeg\u00f3\u0142owe informacje na\u00a0ten temat zawiera pomoc lub dokumentacja przegl\u0105darki internetowej. Ograniczenia stosowania plik\u00f3w cookies mog\u0105 wp\u0142yn\u0105\u0107 na\u00a0niekt\u00f3re funkcjonalno\u015bci dost\u0119pne na\u00a0stronach internetowych Serwisu.<\/li><li>Logi serwera.<\/li><\/ol><p>Informacje o\u00a0niekt\u00f3rych zachowaniach u\u017cytkownik\u00f3w podlegaj\u0105 logowaniu w\u00a0warstwie serwerowej. Dane te s\u0105 wykorzystywane wy\u0142\u0105cznie w\u00a0celu administrowania serwisem oraz\u00a0w\u00a0celu zapewnienia jak najbardziej sprawnej obs\u0142ugi \u015bwiadczonych us\u0142ug hostingowych.<\/p><p>Przegl\u0105dane zasoby identyfikowane s\u0105 poprzez adresy URL. Ponadto zapisowi mog\u0105 podlega\u0107:<\/p><ul><li>Czas nadej\u015bcia zapytania.<\/li><li>Czas wys\u0142ania odpowiedzi.<\/li><li>Nazw\u0119 stacji klienta \u2013 identyfikacja realizowana przez\u00a0protok\u00f3\u0142 HTTP.<\/li><li>Informacje o\u00a0b\u0142\u0119dach jakie nast\u0105pi\u0142y przy realizacji transakcji HTTP.<\/li><li>Adres URL strony poprzednio odwiedzanej przez\u00a0u\u017cytkownika (referer link) \u2013 w\u00a0przypadku, gdy\u00a0przej\u015bcie do\u00a0serwisu nast\u0105pi\u0142o przez\u00a0odno\u015bnik.<\/li><li>Informacje o\u00a0przegl\u0105darce u\u017cytkownika.<\/li><li>Informacje o\u00a0adresie IP.<\/li><\/ul><p>Dane powy\u017csze s\u0105 wykorzystywane jedynie dla cel\u00f3w administrowania serwerem.<\/p><ol start=\"5\"><li>Udost\u0119pnienie danych.<\/li><\/ol><p>Dane podlegaj\u0105 udost\u0119pnieniu podmiotom zewn\u0119trznym wy\u0142\u0105cznie w\u00a0granicach prawnie dozwolonych.<\/p><p>Dane umo\u017cliwiaj\u0105ce identyfikacj\u0119 osoby fizycznej s\u0105 udost\u0119pniane wy\u0142\u0105czenie za\u00a0zgod\u0105 tej\u00a0osoby.<\/p><p>Operator mo\u017ce mie\u0107 obowi\u0105zek udzielania informacji zebranych przez\u00a0Serwis upowa\u017cnionym organom na\u00a0podstawie zgodnych z\u00a0prawem \u017c\u0105da\u0144 w\u00a0zakresie wynikaj\u0105cym z\u00a0\u017c\u0105dania.<\/p><ol start=\"6\"><li>Zarz\u0105dzanie plikami cookies \u2013 jak w\u00a0praktyce wyra\u017ca\u0107 i\u00a0cofa\u0107 zgod\u0119?<\/li><\/ol><p>Je\u015bli u\u017cytkownik nie\u00a0chce otrzymywa\u0107 plik\u00f3w cookies, mo\u017ce zmieni\u0107 ustawienia przegl\u0105darki. Zastrzegamy, \u017ce\u00a0wy\u0142\u0105czenie obs\u0142ugi plik\u00f3w cookies niezb\u0119dnych dla proces\u00f3w uwierzytelniania, bezpiecze\u0144stwa, utrzymania preferencji u\u017cytkownika mo\u017ce utrudni\u0107, a\u00a0w\u00a0skrajnych przypadkach mo\u017ce uniemo\u017cliwi\u0107 korzystanie ze\u00a0stron www.<\/p><p>Informacje dotycz\u0105ce ustawie\u0144 przegl\u0105darek internetowych dost\u0119pne s\u0105 w\u00a0jej menu (pomoc) lub na\u00a0stronie jej producenta.<\/p>\t\t\t\t\t\t<\/div>\n\t\t\t\t<\/div>\n\t\t\t\t\t<\/div>\n\t\t<\/div>\n\t\t\t\t\t\t\t<\/div>\n\t\t<\/section>\n\t\t\t\t\t\t\t<\/div>\n\t\t","protected":false},"excerpt":{"rendered":"<p>Polityka plik\u00f3w cookies Pliki cookies (tzw. \u201eciasteczka\u201d) stanowi\u0105 dane informatyczne, w\u00a0szczeg\u00f3lno\u015bci pliki tekstowe, kt\u00f3re przechowywane s\u0105 w\u00a0urz\u0105dzeniu ko\u0144cowym U\u017cytkownika Serwisu i\u00a0przeznaczone s\u0105 do\u00a0korzystania ze\u00a0stron internetowych Serwisu. Cookies zazwyczaj zawieraj\u0105 nazw\u0119 strony internetowej, z\u00a0kt\u00f3rej pochodz\u0105, czas przechowywania ich na\u00a0urz\u0105dzeniu ko\u0144cowym oraz\u00a0unikalny numer. Podmiotem zamieszczaj\u0105cym na\u00a0urz\u0105dzeniu ko\u0144cowym U\u017cytkownika Serwisu pliki cookies oraz\u00a0uzyskuj\u0105cym do\u00a0nich dost\u0119p jest operator Serwisu. [&hellip;]<\/p>\n","protected":false},"author":1,"featured_media":0,"parent":0,"menu_order":0,"comment_status":"closed","ping_status":"closed","template":"","meta":{"_mi_skip_tracking":false,"footnotes":""},"class_list":["post-17450","page","type-page","status-publish","hentry"],"acf":[],"aioseo_notices":[],"_links":{"self":[{"href":"https:\/\/diabcor.pl\/index.php?rest_route=\/wp\/v2\/pages\/17450","targetHints":{"allow":["GET"]}}],"collection":[{"href":"https:\/\/diabcor.pl\/index.php?rest_route=\/wp\/v2\/pages"}],"about":[{"href":"https:\/\/diabcor.pl\/index.php?rest_route=\/wp\/v2\/types\/page"}],"author":[{"embeddable":true,"href":"https:\/\/diabcor.pl\/index.php?rest_route=\/wp\/v2\/users\/1"}],"replies":[{"embeddable":true,"href":"https:\/\/diabcor.pl\/index.php?rest_route=%2Fwp%2Fv2%2Fcomments&post=17450"}],"version-history":[{"count":4,"href":"https:\/\/diabcor.pl\/index.php?rest_route=\/wp\/v2\/pages\/17450\/revisions"}],"predecessor-version":[{"id":17454,"href":"https:\/\/diabcor.pl\/index.php?rest_route=\/wp\/v2\/pages\/17450\/revisions\/17454"}],"wp:attachment":[{"href":"https:\/\/diabcor.pl\/index.php?rest_route=%2Fwp%2Fv2%2Fmedia&parent=17450"}],"curies":[{"name":"wp","href":"https:\/\/api.w.org\/{rel}","templated":true}]}}