{"id":8257,"date":"2022-02-23T08:29:55","date_gmt":"2022-02-23T08:29:55","guid":{"rendered":"https:\/\/medicate.peacefulqode.com\/?page_id=8257"},"modified":"2026-03-21T17:27:19","modified_gmt":"2026-03-21T16:27:19","slug":"docters-1-3","status":"publish","type":"page","link":"https:\/\/diabcor.pl\/?page_id=8257","title":{"rendered":"Kardiolog"},"content":{"rendered":"\t\t<div data-elementor-type=\"wp-page\" data-elementor-id=\"8257\" class=\"elementor elementor-8257\">\n\t\t\t\t\t\t\t\t\t<div class=\"elementor-section elementor-top-section elementor-element elementor-element-bffd6ec elementor-section-full_width elementor-section-stretched elementor-section-height-default elementor-section-height-default\" data-id=\"bffd6ec\" data-element_type=\"section\" data-settings=\"{&quot;stretch_section&quot;:&quot;section-stretched&quot;,&quot;background_background&quot;:&quot;classic&quot;}\">\n\t\t\t\t\t\t<div class=\"elementor-container elementor-column-gap-default\">\n\t\t\t\t\t<div class=\"elementor-column elementor-col-100 elementor-top-column elementor-element elementor-element-366896f\" data-id=\"366896f\" data-element_type=\"column\">\n\t\t\t<div class=\"elementor-widget-wrap elementor-element-populated\">\n\t\t\t\t\t\t\t\t<div class=\"elementor-section elementor-inner-section elementor-element elementor-element-0d2d0b0 elementor-section-boxed elementor-section-height-default elementor-section-height-default\" data-id=\"0d2d0b0\" data-element_type=\"section\">\n\t\t\t\t\t\t<div class=\"elementor-container elementor-column-gap-default\">\n\t\t\t\t\t<div class=\"elementor-column elementor-col-100 elementor-inner-column elementor-element elementor-element-aa36af2\" data-id=\"aa36af2\" data-element_type=\"column\">\n\t\t\t<div class=\"elementor-widget-wrap elementor-element-populated\">\n\t\t\t\t\t\t\t\t<div class=\"elementor-element elementor-element-49db19d elementor-widget elementor-widget-section-title\" data-id=\"49db19d\" data-element_type=\"widget\" data-widget_type=\"section-title.default\">\n\t\t\t\t<div class=\"elementor-widget-container\">\n\t\t\t<div class=\"pt-section pt-style-1 text-center\">\r\n\t\t\r\n   \t\t \r\n   \t\t<span class=\"pt-section-sub-title\">DIABCOR<\/span>\r\n   \t   \t\t\t   <h5 class=\"pt-section-title\" >KONSULTACJE KARDIOLOGICZNE <\/h5>\r\n\t\t\t\r\n<\/div>\t\t<\/div>\n\t\t\t\t<\/div>\n\t\t\t\t\t<\/div>\n\t\t<\/div>\n\t\t\t\t\t\t\t<\/div>\n\t\t<\/div>\n\t\t\t\t<div class=\"elementor-section elementor-inner-section elementor-element elementor-element-bd6ca8e elementor-section-boxed elementor-section-height-default elementor-section-height-default\" data-id=\"bd6ca8e\" data-element_type=\"section\">\n\t\t\t\t\t\t<div class=\"elementor-container elementor-column-gap-default\">\n\t\t\t\t\t<div class=\"elementor-column elementor-col-100 elementor-inner-column elementor-element elementor-element-0e301ee\" data-id=\"0e301ee\" data-element_type=\"column\">\n\t\t\t<div class=\"elementor-widget-wrap elementor-element-populated\">\n\t\t\t\t\t\t\t\t<div class=\"elementor-element elementor-element-f9f48c9 elementor-widget__width-initial elementor-widget elementor-widget-Custom Tabs\" data-id=\"f9f48c9\" data-element_type=\"widget\" data-widget_type=\"Custom Tabs.default\">\n\t\t\t\t<div class=\"elementor-widget-container\">\n\t\t\t<div class=\"pt-tabs-1\">\r\n\t\t\t<div class=\"nav nav-tabs nav-fill\" id=\"nav-tab\" role=\"tablist\"><a class=\"pt-tabs nav-item nav-link active\" \r\n\t\t\t\t\t\t\t   id=\"nav-home-0\" data-bs-toggle=\"tab\" \r\n\t\t\t\t\t\t\t   href=\"#nav-0\" \r\n\t\t\t\t\t\t\t   role=\"tab\" aria-controls=\"nav-home-0\" \r\n\t\t\t\t\t\t\t   aria-selected=\"true\"><i class=\" flaticon-medical-doctor\"><\/i><span>O mnie<\/span><\/a><a class=\"pt-tabs nav-item nav-link \" \r\n\t\t\t\t\t\t\t   id=\"nav-home-1\" data-bs-toggle=\"tab\" \r\n\t\t\t\t\t\t\t   href=\"#nav-1\" \r\n\t\t\t\t\t\t\t   role=\"tab\" aria-controls=\"nav-home-1\" \r\n\t\t\t\t\t\t\t   aria-selected=\"true\"><i class=\" flaticon-doctor\"><\/i><span>Leczone choroby<\/span><\/a><a class=\"pt-tabs nav-item nav-link \" \r\n\t\t\t\t\t\t\t   id=\"nav-home-2\" data-bs-toggle=\"tab\" \r\n\t\t\t\t\t\t\t   href=\"#nav-2\" \r\n\t\t\t\t\t\t\t   role=\"tab\" aria-controls=\"nav-home-2\" \r\n\t\t\t\t\t\t\t   aria-selected=\"true\"><i class=\" flaticon-medical-report-1\"><\/i><span>Przygotowanie do wizyty<\/span><\/a><a class=\"pt-tabs nav-item nav-link \" \r\n\t\t\t\t\t\t\t   id=\"nav-home-3\" data-bs-toggle=\"tab\" \r\n\t\t\t\t\t\t\t   href=\"#nav-3\" \r\n\t\t\t\t\t\t\t   role=\"tab\" aria-controls=\"nav-home-3\" \r\n\t\t\t\t\t\t\t   aria-selected=\"true\"><i class=\" flaticon-examination\"><\/i><span>Wykonywane badania <\/span><\/a><a class=\"pt-tabs nav-item nav-link \" \r\n\t\t\t\t\t\t\t   id=\"nav-home-4\" data-bs-toggle=\"tab\" \r\n\t\t\t\t\t\t\t   href=\"#nav-4\" \r\n\t\t\t\t\t\t\t   role=\"tab\" aria-controls=\"nav-home-4\" \r\n\t\t\t\t\t\t\t   aria-selected=\"true\"><i class=\"fas fa-heartbeat\"><\/i><span>UM\u00d3W WIZYT\u0118 \/ CENNIK<\/span><\/a><\/div><div class=\"tab-content text-\" id=\"nav-tabContent\"><div class=\"tab-pane fade show  active\" id=\"nav-0\" role=\"tabpanel\" aria-labelledby=\"nav-home-0\">\r\n\t\t\t\t<div class=\"row align-items-center\">\r\n\t\t\t\t\t<div class=\"col-lg-6\">\r\n\t\t\t\t\t\t<img decoding=\"async\" src=\"http:\/\/diabcor.pl\/wp-content\/uploads\/2023\/05\/2E5B3C9C-A416-4C3A-ABA0-F256E82C0446_1_105_c.jpeg\" class=\"pt-full-width\" alt=\"seo-image\" \/>\r\n\t\t\t\t\t<\/div>\r\n\t\t\t\t\t<div class=\"col-lg-6\">\r\n\t\t\t\t\t\t<div class=\"pt-tab-info\">\r\n\t\t\t\t\t\t\t<h2>DR N. MED. PAWE\u0141 NIED\u0179WIECKI<\/h2>\r\n\t\t\t\t\t\t\t<p>Absolwent Uniwersytetu Medycznego im. Karola Marcinkowskiego w Poznaniu. W 2014 roku obroni\u0142 prac\u0119 doktorsk\u0105 (praca o tematyce diabetologicznej). W 2015 roku uzyska\u0142 tytu\u0142 specjalisty chor\u00f3b wewn\u0119trznych, a w 2019 roku tytu\u0142 specjalisty kardiologii.\n\nJest pracownikiem Uniwersytetu Medycznego w Poznaniu zaanga\u017cowanym w zaj\u0119cia dydaktyczne oraz badania naukowe. \n\nG\u0142\u00f3wnym obszarem jego zainteresowa\u0144 s\u0105 pacjenci ze schorzeniami kardio-metabolicznymi oraz chorobami uk\u0142adu kr\u0105\u017cenia m.in u os\u00f3b z cukrzyc\u0105. Jest cz\u0142onkiem Polskiego Towarzystwa Kardiologicznego, Polskiego Towarzystwa Diabetologicznego, Europejskiego Towarzystwa Kardiolog\u00f3w oraz cz\u0142onkiem Sekcji Echokardiografii Polskiego Towarzystwa Kardiologicznego.\n\nJest aktywnym uczestnikiem wielu polskich i mi\u0119dzynarodowych szkole\u0144, gdzie prezentuje swoje prace i osi\u0105gni\u0119cia naukowe.\n\nProwadzi r\u00f3wnie\u017c dzia\u0142alno\u015b\u0107 dydaktyczn\u0105 poza Uczelni\u0105 m.in. kursy doskonal\u0105ce dla lekarzy z analiz elektrokardiogram\u00f3w oraz odczytywania Holter\u00f3w EKG.\n \nSta\u017cysta Royal Lancaster Infirmary. \n\nWielokrotnie nagradzany prelegent na sympozjach i kongresach w Polsce i za granic\u0105. \n\nWieloletni pracownik Katedry i Kliniki Chor\u00f3b Wewn\u0119trznych i Diabetologii  \nUniwersytetu Medycznego w Poznaniu oraz Gabinet\u00f3w Swarz\u0119dzkich Swamed oraz Gabinet\u00f3w DIABCOR.\n\nW 2022 zdoby\u0142 III miejsce w kategorii KARDIOLOG ROKU w Plebiscycie HIPOKRATES. \n\nW obszarze jego zainteresowa\u0144 le\u017c\u0105 szczeg\u00f3lnie: kardiologia, diabetologia oraz choroby metaboliczne.\nWykonuje pr\u00f3by wysi\u0142kowe oraz opisy bada\u0144: Holter EKG, Holter ci\u015bnieniowy.<\/p><p><img loading=\"lazy\" decoding=\"async\" class=\"size-medium wp-image-17925 aligncenter\" src=\"http:\/\/diabcor.pl\/wp-content\/uploads\/2023\/08\/Hipokrates_PN-211x300.jpg\" alt=\"\" width=\"211\" height=\"300\" srcset=\"https:\/\/diabcor.pl\/wp-content\/uploads\/2023\/08\/Hipokrates_PN-211x300.jpg 211w, https:\/\/diabcor.pl\/wp-content\/uploads\/2023\/08\/Hipokrates_PN.jpg 579w\" sizes=\"auto, (max-width: 211px) 100vw, 211px\" \/><\/p><p>.<\/p><p><a id=\"zl-url\" class=\"zl-url\" href=\"http:\/\/www.znanylekarz.pl\/pawel-niedzwiecki\/kardiolog\/poznan\" rel=\"nofollow\" data-zlw-doctor=\"pawel-niedzwiecki\" data-zlw-type=\"big\" data-zlw-opinion=\"false\" data-zlw-hide-branding=\"true\" data-zlw-saas-only=\"true\" data-zlw-a11y-title=\"Widget um\u00f3wienia wizyty lekarskiej\">Um\u00f3w wizyt\u0119<\/a><br \/><script>!function($_x,_s,id){var js,fjs=$_x.getElementsByTagName(_s)[0];if(!$_x.getElementById(id)){js = $_x.createElement(_s);js.id = id;js.src = \"\/\/platform.docplanner.com\/js\/widget.js\";fjs.parentNode.insertBefore(js,fjs);}}(document,\"script\",\"zl-widget-s\");<\/script><\/p><div class=\"pt-btn-container\">\r\n\t\t\t\t\t\t    <div class=\"pt-button-block\">\r\n\t\t\t\t\t\t\t\t\t<a class=\"pt-button pt-button-link\" >\r\n\t\t\t\t\t\t       \r\n\t\t\t\t\t\t\t\t\t<span class=\"text\">Read More<\/span><i class=\"ion ion-plus-round\"><\/i>\r\n\t\t\t\t\t\t  \r\n\t\t\t\t\t\t\t\t\t<\/a>\r\n\t\t\t\t\t\t    <\/div>  \r\n\r\n\t\t\t\t\t\t<\/div><\/div>\r\n\t\t\t\t\t<\/div>\r\n\t\t\t\t<\/div>\t\t\t\r\n\t\t\t\t\t\r\n  \t\t\t  <\/div><div class=\"tab-pane fade show  \" id=\"nav-1\" role=\"tabpanel\" aria-labelledby=\"nav-home-1\">\r\n\t\t\t\t<div class=\"row flex-row-reverse align-items-center\">\r\n\t\t\t\t\t<div class=\"col-lg-6\">\r\n\t\t\t\t\t\t<img decoding=\"async\" src=\"http:\/\/diabcor.pl\/wp-content\/uploads\/revslider\/Home-5\/1..jpg\" class=\"pt-full-width\" alt=\"seo-image\" \/>\r\n\t\t\t\t\t<\/div>\r\n\t\t\t\t\t<div class=\"col-lg-6\">\r\n\t\t\t\t\t\t<div class=\"pt-tab-info\">\r\n\t\t\t\t\t\t\t<h2><\/h2>\r\n\t\t\t\t\t\t\t<p><\/p><h4><strong>KONSULTUJE PACJENT\u00d3W Z NAST\u0118PUJ\u0104CYMI CHOROBAMI:<\/strong><\/h4><ul><li>nadci\u015bnienie t\u0119tnicze<\/li><li>zaburzenia rytmu \/ migotanie przedsionk\u00f3w<\/li><li>choroba niedokrwienna serca<\/li><li>stan po zawale serca<\/li><li>niewydolno\u015b\u0107 serca<\/li><li>dyslipidemia \/ zaburzenia profilu lipidowego \/ hipercholesterolemia<\/li><li>osoby z b\u00f3lami w klatce piersiowej<\/li><li>osoby z pogorszeniem tolerancji wysi\u0142ku<\/li><\/ul><p>.<\/p><p><a id=\"zl-url\" class=\"zl-url\" href=\"http:\/\/www.znanylekarz.pl\/pawel-niedzwiecki\/kardiolog\/poznan\" rel=\"nofollow\" data-zlw-doctor=\"pawel-niedzwiecki\" data-zlw-type=\"big_with_calendar\" data-zlw-opinion=\"false\" data-zlw-hide-branding=\"true\" data-zlw-saas-only=\"true\" data-zlw-a11y-title=\"Widget um\u00f3wienia wizyty lekarskiej\">Um\u00f3w wizyt\u0119<\/a><br \/><script>!function($_x,_s,id){var js,fjs=$_x.getElementsByTagName(_s)[0];if(!$_x.getElementById(id)){js = $_x.createElement(_s);js.id = id;js.src = \"\/\/platform.docplanner.com\/js\/widget.js\";fjs.parentNode.insertBefore(js,fjs);}}(document,\"script\",\"zl-widget-s\");<\/script><\/p><div class=\"pt-btn-container\">\r\n\t\t\t\t\t\t    <div class=\"pt-button-block\">\r\n\t\t\t\t\t\t\t\t\t<a class=\"pt-button pt-button-link\" >\r\n\t\t\t\t\t\t       \r\n\t\t\t\t\t\t\t\t\t<span class=\"text\">Read More<\/span><i class=\"ion ion-plus-round\"><\/i>\r\n\t\t\t\t\t\t  \r\n\t\t\t\t\t\t\t\t\t<\/a>\r\n\t\t\t\t\t\t    <\/div>  \r\n\r\n\t\t\t\t\t\t<\/div><\/div>\r\n\t\t\t\t\t<\/div>\r\n\t\t\t\t<\/div>\t\t\t\r\n\t\t\t\t\t\r\n  \t\t\t  <\/div><div class=\"tab-pane fade show  \" id=\"nav-2\" role=\"tabpanel\" aria-labelledby=\"nav-home-2\">\r\n\t\t\t\t<div class=\"row align-items-center\">\r\n\t\t\t\t\t<div class=\"col-lg-6\">\r\n\t\t\t\t\t\t<img decoding=\"async\" src=\"http:\/\/diabcor.pl\/wp-content\/uploads\/2022\/06\/teab.jpg\" class=\"pt-full-width\" alt=\"seo-image\" \/>\r\n\t\t\t\t\t<\/div>\r\n\t\t\t\t\t<div class=\"col-lg-6\">\r\n\t\t\t\t\t\t<div class=\"pt-tab-info\">\r\n\t\t\t\t\t\t\t<h2>Dobre przygotowanie do wizyty - poprawia jako\u015b\u0107 porady <\/h2>\r\n\t\t\t\t\t\t\t<p><\/p><p>Niezale\u017cnie czy jest to wizyta diagnostyczna, konsultacja-opinia kardiologa przed planowym zabiegiem chirurgicznym, kontynuacja leczenia po leczeniu szpitalnym, czy te\u017c pierwsza lub kolejna wizyta u tego samego lekarza w ka\u017cdym przypadku nale\u017cy zabra\u0107 ze sob\u0105:<\/p><ul><li style=\"color: blue;\"><span style=\"color: black;\">karty informacyjne z odbytych hospitalizacji<\/span><\/li><li style=\"color: blue;\"><span style=\"color: black;\">aktualne i wcze\u015bniejsze zapisy EKG, wyniki bada\u0144 dodatkowych (ECHO, Holter EKG, test wysi\u0142kowy) \u2013 je\u015bli by\u0142y wykonywane<\/span><\/li><li style=\"color: blue;\"><span style=\"color: black;\">aktualne badania krwi (m.in. glukoza na czczo, profil lipidowy \u2013 LDL, HDL, TAG, kreatynina, ALT, AST, morfologia)<\/span><\/li><li style=\"color: blue;\"><span style=\"color: black;\">dzienniczki samokontroli pomiar\u00f3w ci\u015bnienia, pomiar\u00f3w glikemii (w przypadku cukrzycy), pomiar\u00f3w krzepliwo\u015bci w przypadku leczenia przeciwkrzepliwego<\/span><\/li><li style=\"color: blue;\"><span style=\"color: black;\">spis wszystkich aktualnie przyjmowanych lek\u00f3w i ich dawkowanie (tak\u017ce tych stosowanych z przyczyn niekardiologicznych)<\/span><\/li><\/ul><p>.<\/p><p><a id=\"zl-url\" class=\"zl-url\" href=\"http:\/\/www.znanylekarz.pl\/pawel-niedzwiecki\/kardiolog\/poznan\" rel=\"nofollow\" data-zlw-doctor=\"pawel-niedzwiecki\" data-zlw-type=\"big\" data-zlw-opinion=\"false\" data-zlw-hide-branding=\"true\" data-zlw-saas-only=\"true\" data-zlw-a11y-title=\"Widget um\u00f3wienia wizyty lekarskiej\">Um\u00f3w wizyt\u0119<\/a><br \/><script>!function($_x,_s,id){var js,fjs=$_x.getElementsByTagName(_s)[0];if(!$_x.getElementById(id)){js = $_x.createElement(_s);js.id = id;js.src = \"\/\/platform.docplanner.com\/js\/widget.js\";fjs.parentNode.insertBefore(js,fjs);}}(document,\"script\",\"zl-widget-s\");<\/script><\/p><div class=\"pt-btn-container\">\r\n\t\t\t\t\t\t    <div class=\"pt-button-block\">\r\n\t\t\t\t\t\t\t\t\t<a class=\"pt-button pt-button-link\" >\r\n\t\t\t\t\t\t       \r\n\t\t\t\t\t\t\t\t\t<span class=\"text\">Read More<\/span><i class=\"ion ion-plus-round\"><\/i>\r\n\t\t\t\t\t\t  \r\n\t\t\t\t\t\t\t\t\t<\/a>\r\n\t\t\t\t\t\t    <\/div>  \r\n\r\n\t\t\t\t\t\t<\/div><\/div>\r\n\t\t\t\t\t<\/div>\r\n\t\t\t\t<\/div>\t\t\t\r\n\t\t\t\t\t\r\n  \t\t\t  <\/div><div class=\"tab-pane fade show  \" id=\"nav-3\" role=\"tabpanel\" aria-labelledby=\"nav-home-3\">\r\n\t\t\t\t<div class=\"row flex-row-reverse align-items-center\">\r\n\t\t\t\t\t<div class=\"col-lg-6\">\r\n\t\t\t\t\t\t<img decoding=\"async\" src=\"http:\/\/diabcor.pl\/wp-content\/uploads\/2026\/02\/IMG_0621.jpg\" class=\"pt-full-width\" alt=\"seo-image\" \/>\r\n\t\t\t\t\t<\/div>\r\n\t\t\t\t\t<div class=\"col-lg-6\">\r\n\t\t\t\t\t\t<div class=\"pt-tab-info\">\r\n\t\t\t\t\t\t\t<h2><\/h2>\r\n\t\t\t\t\t\t\t<p><\/p><p>W czasie wizyty wykonywane s\u0105 badania:<\/p><ul><li>echo serca (badanie echokardiograficzne)<\/li><li>ekg<\/li><li>HOLTER EKG (24 -48 h)<\/li><li>HOLTER EKG (3-7 dniowy BI Patch Holter<\/li><li>TEST WYSI\u0141KOWY na CYKLOERGOMETRZE (rowerze)<\/li><\/ul><p>***********************<\/p><p><strong>Osoby w wieku 35-50 lat zach\u0119camy do KONSULTACJI KARDIOLOGICZNEJ PREMIUM kt\u00f3ra obejmuje:\u00a0<\/strong><\/p><p class=\"p1\"><span class=\"s1\">\u2022 Badanie ECHO Serca<\/span><\/p><p class=\"p1\"><span class=\"s1\">\u2022 Badanie EKG<\/span><\/p><p class=\"p1\"><span class=\"s1\">\u2022 Screening Mia\u017cd\u017cycy (USG T\u0119tnic Szyjnych z ocen\u0105 IMT)<\/span><\/p><p class=\"p1\"><span class=\"s1\">\u2022 Kardiologiczny Test Wysi\u0142kowy na rowerze<\/span><\/p><p><span class=\"s1\">\u2022 Analiz\u0119 ryzyka sercowo-naczyniowego<\/span><\/p><p><strong>Przed wizyt\u0105 PREMIUM wskazane wykonanie bada\u0144 labolatoryjnych: p<span class=\"s1\">rofil lipidowy (LDL, HDL, TAG), Lp(a), kreatynina, glukoza na czczo, TSH, ALT, AST, kwas moczowy.<\/span><\/strong><\/p><p>.<\/p><p><a id=\"zl-url\" class=\"zl-url\" href=\"http:\/\/www.znanylekarz.pl\/pawel-niedzwiecki\/kardiolog\/poznan\" rel=\"nofollow\" data-zlw-doctor=\"pawel-niedzwiecki\" data-zlw-type=\"big_with_calendar\" data-zlw-opinion=\"false\" data-zlw-hide-branding=\"true\" data-zlw-saas-only=\"true\" data-zlw-a11y-title=\"Widget um\u00f3wienia wizyty lekarskiej\">Um\u00f3w wizyt\u0119<\/a><br \/><script>!function($_x,_s,id){var js,fjs=$_x.getElementsByTagName(_s)[0];if(!$_x.getElementById(id)){js = $_x.createElement(_s);js.id = id;js.src = \"\/\/platform.docplanner.com\/js\/widget.js\";fjs.parentNode.insertBefore(js,fjs);}}(document,\"script\",\"zl-widget-s\");<\/script><\/p><div class=\"pt-btn-container\">\r\n\t\t\t\t\t\t    <div class=\"pt-button-block\">\r\n\t\t\t\t\t\t\t\t\t<a class=\"pt-button pt-button-link\" >\r\n\t\t\t\t\t\t       \r\n\t\t\t\t\t\t\t\t\t<span class=\"text\">Read More<\/span><i class=\"ion ion-plus-round\"><\/i>\r\n\t\t\t\t\t\t  \r\n\t\t\t\t\t\t\t\t\t<\/a>\r\n\t\t\t\t\t\t    <\/div>  \r\n\r\n\t\t\t\t\t\t<\/div><\/div>\r\n\t\t\t\t\t<\/div>\r\n\t\t\t\t<\/div>\t\t\t\r\n\t\t\t\t\t\r\n  \t\t\t  <\/div><div class=\"tab-pane fade show  \" id=\"nav-4\" role=\"tabpanel\" aria-labelledby=\"nav-home-4\">\r\n\t\t\t\t<div class=\"row align-items-center\">\r\n\t\t\t\t\t<div class=\"col-lg-6\">\r\n\t\t\t\t\t\t\r\n\t\t\t\t\t<\/div>\r\n\t\t\t\t\t<div class=\"col-lg-6\">\r\n\t\t\t\t\t\t<div class=\"pt-tab-info\">\r\n\t\t\t\t\t\t\t<h2>Umawianie wizyt<\/h2>\r\n\t\t\t\t\t\t\t<p>Zach\u0119camy do umawiania wizyt przez REJESTRACJ\u0118 GABINET\u00d3W SWAMED tel: 61 649 45 60 (rejestracja obs\u0142uguje umawianie wizyt do Gabinet\u00f3w w Swarz\u0119dzu i Poznaniu. \n\nWizyty mo\u017cna umawia\u0107 przez serwis ZNANY LEKARZ.<\/p><p><strong>CENNIK KONSULTACJI<\/strong>:<\/p><ul><li>KONSULTACJA KARDIOLOGICZNA z badaniem echokardiograficznym (ECHO SERCA) &#8211; wizyta pierwszorazowa: 300 z\u0142<\/li><li>KONSULTACJA KARDIOLOGICZNA &#8211; wizyta kontrolna: 250 z\u0142<\/li><li>KONSULTACJA KARDIOLOGICZNA z badaniem echokardiograficznym (ECHO SERCA) &#8211; wizyta kontrolna: 300 z\u0142<\/li><li>TEST WYSI\u0141KOWY &#8211; 250 z\u0142<\/li><li>Holter EKG: 250-700z\u0142 (w zale\u017cno\u015bci od czasu badania)<\/li><\/ul><p><strong>Osoby w wieku 35-50 lat zach\u0119camy do KONSULTACJI KARDIOLOGICZNEJ PREMIUM kt\u00f3ra obejmuje:\u00a0<\/strong><\/p><p class=\"p1\"><span class=\"s1\">\u2022 Badanie ECHO Serca<\/span><\/p><p class=\"p1\"><span class=\"s1\">\u2022 Badanie EKG<\/span><\/p><p class=\"p1\"><span class=\"s1\">\u2022 Screening Mia\u017cd\u017cycy (USG T\u0119tnic Szyjnych z ocen\u0105 IMT)<\/span><\/p><p class=\"p1\"><span class=\"s1\">\u2022 Kardiologiczny Test Wysi\u0142kowy na rowerze<\/span><\/p><p><span class=\"s1\">\u2022 Analiz\u0119 ryzyka sercowo-naczyniowego<\/span><\/p><p>Przed wizyt\u0105 PREMIUM wskazane wykonanie bada\u0144 labolatoryjnych: p<span class=\"s1\">rofil lipidowy (LDL, HDL, TAG), Lp(a), kreatynina, glukoza na czczo, TSH, ALT, AST, kwas moczowy.<\/span><\/p><p><a id=\"zl-url\" class=\"zl-url\" href=\"http:\/\/www.znanylekarz.pl\/pawel-niedzwiecki\/kardiolog\/poznan\" rel=\"nofollow\" data-zlw-doctor=\"pawel-niedzwiecki\" data-zlw-type=\"big_with_calendar\" data-zlw-opinion=\"false\" data-zlw-hide-branding=\"true\" data-zlw-saas-only=\"true\" data-zlw-a11y-title=\"Widget um\u00f3wienia wizyty lekarskiej\">Um\u00f3w wizyt\u0119<\/a><br \/><script>!function($_x,_s,id){var js,fjs=$_x.getElementsByTagName(_s)[0];if(!$_x.getElementById(id)){js = $_x.createElement(_s);js.id = id;js.src = \"\/\/platform.docplanner.com\/js\/widget.js\";fjs.parentNode.insertBefore(js,fjs);}}(document,\"script\",\"zl-widget-s\");<\/script><\/p><div class=\"pt-btn-container\">\r\n\t\t\t\t\t\t    <div class=\"pt-button-block\">\r\n\t\t\t\t\t\t\t\t\t<a class=\"pt-button pt-button-link\" >\r\n\t\t\t\t\t\t       \r\n\t\t\t\t\t\t\t\t\t<span class=\"text\">Read More<\/span><i class=\"ion ion-plus-round\"><\/i>\r\n\t\t\t\t\t\t  \r\n\t\t\t\t\t\t\t\t\t<\/a>\r\n\t\t\t\t\t\t    <\/div>  \r\n\r\n\t\t\t\t\t\t<\/div><\/div>\r\n\t\t\t\t\t<\/div>\r\n\t\t\t\t<\/div>\t\t\t\r\n\t\t\t\t\t\r\n  \t\t\t  <\/div><\/div><\/div>\t\t<\/div>\n\t\t\t\t<\/div>\n\t\t\t\t\t<\/div>\n\t\t<\/div>\n\t\t\t\t\t\t\t<\/div>\n\t\t<\/div>\n\t\t\t\t\t<\/div>\n\t\t<\/div>\n\t\t\t\t\t\t\t<\/div>\n\t\t<\/div>\n\t\t\t\t\t\t\t<\/div>\n\t\t","protected":false},"excerpt":{"rendered":"<p>DIABCOR KONSULTACJE KARDIOLOGICZNE O mnieLeczone chorobyPrzygotowanie do wizytyWykonywane badania UM\u00d3W WIZYT\u0118 \/ CENNIK DR N. MED. PAWE\u0141 NIED\u0179WIECKI Absolwent Uniwersytetu Medycznego im. Karola Marcinkowskiego w Poznaniu. W 2014 roku obroni\u0142 prac\u0119 doktorsk\u0105 (praca o tematyce diabetologicznej). W 2015 roku uzyska\u0142 tytu\u0142 specjalisty chor\u00f3b wewn\u0119trznych, a w 2019 roku tytu\u0142 specjalisty kardiologii. Jest pracownikiem Uniwersytetu Medycznego [&hellip;]<\/p>\n","protected":false},"author":1,"featured_media":0,"parent":0,"menu_order":0,"comment_status":"closed","ping_status":"closed","template":"","meta":{"_mi_skip_tracking":false,"footnotes":""},"class_list":["post-8257","page","type-page","status-publish","hentry"],"acf":[],"aioseo_notices":[],"_links":{"self":[{"href":"https:\/\/diabcor.pl\/index.php?rest_route=\/wp\/v2\/pages\/8257","targetHints":{"allow":["GET"]}}],"collection":[{"href":"https:\/\/diabcor.pl\/index.php?rest_route=\/wp\/v2\/pages"}],"about":[{"href":"https:\/\/diabcor.pl\/index.php?rest_route=\/wp\/v2\/types\/page"}],"author":[{"embeddable":true,"href":"https:\/\/diabcor.pl\/index.php?rest_route=\/wp\/v2\/users\/1"}],"replies":[{"embeddable":true,"href":"https:\/\/diabcor.pl\/index.php?rest_route=%2Fwp%2Fv2%2Fcomments&post=8257"}],"version-history":[{"count":433,"href":"https:\/\/diabcor.pl\/index.php?rest_route=\/wp\/v2\/pages\/8257\/revisions"}],"predecessor-version":[{"id":18202,"href":"https:\/\/diabcor.pl\/index.php?rest_route=\/wp\/v2\/pages\/8257\/revisions\/18202"}],"wp:attachment":[{"href":"https:\/\/diabcor.pl\/index.php?rest_route=%2Fwp%2Fv2%2Fmedia&parent=8257"}],"curies":[{"name":"wp","href":"https:\/\/api.w.org\/{rel}","templated":true}]}}