{"id":8999,"date":"2022-02-26T04:56:45","date_gmt":"2022-02-26T04:56:45","guid":{"rendered":"https:\/\/medicate.peacefulqode.com\/?page_id=8999"},"modified":"2024-06-13T22:30:30","modified_gmt":"2024-06-13T20:30:30","slug":"department","status":"publish","type":"page","link":"https:\/\/diabcor.pl\/?page_id=8999","title":{"rendered":"Polityka prywatno\u015bci"},"content":{"rendered":"\t\t<div data-elementor-type=\"wp-page\" data-elementor-id=\"8999\" class=\"elementor elementor-8999\">\n\t\t\t\t\t\t\t\t\t<section class=\"elementor-section elementor-top-section elementor-element elementor-element-ce84c9c elementor-section-boxed elementor-section-height-default elementor-section-height-default\" data-id=\"ce84c9c\" data-element_type=\"section\">\n\t\t\t\t\t\t<div class=\"elementor-container elementor-column-gap-default\">\n\t\t\t\t\t<div class=\"elementor-column elementor-col-100 elementor-top-column elementor-element elementor-element-2f88e3e\" data-id=\"2f88e3e\" data-element_type=\"column\">\n\t\t\t<div class=\"elementor-widget-wrap elementor-element-populated\">\n\t\t\t\t\t\t\t\t<div class=\"elementor-element elementor-element-c41e5a0 elementor-widget elementor-widget-heading\" data-id=\"c41e5a0\" data-element_type=\"widget\" data-widget_type=\"heading.default\">\n\t\t\t\t<div class=\"elementor-widget-container\">\n\t\t\t<style>\/*! elementor - v3.15.0 - 02-08-2023 *\/\n.elementor-heading-title{padding:0;margin:0;line-height:1}.elementor-widget-heading .elementor-heading-title[class*=elementor-size-]>a{color:inherit;font-size:inherit;line-height:inherit}.elementor-widget-heading .elementor-heading-title.elementor-size-small{font-size:15px}.elementor-widget-heading .elementor-heading-title.elementor-size-medium{font-size:19px}.elementor-widget-heading .elementor-heading-title.elementor-size-large{font-size:29px}.elementor-widget-heading .elementor-heading-title.elementor-size-xl{font-size:39px}.elementor-widget-heading .elementor-heading-title.elementor-size-xxl{font-size:59px}<\/style><h2 class=\"elementor-heading-title elementor-size-default\">Polityka prywatno\u015bci - Diabcor<\/h2>\t\t<\/div>\n\t\t\t\t<\/div>\n\t\t\t\t\t<\/div>\n\t\t<\/div>\n\t\t\t\t\t\t\t<\/div>\n\t\t<\/section>\n\t\t\t\t<section class=\"elementor-section elementor-top-section elementor-element elementor-element-6f124a1 elementor-section-boxed elementor-section-height-default elementor-section-height-default\" data-id=\"6f124a1\" data-element_type=\"section\">\n\t\t\t\t\t\t<div class=\"elementor-container elementor-column-gap-default\">\n\t\t\t\t\t<div class=\"elementor-column elementor-col-100 elementor-top-column elementor-element elementor-element-bebece2\" data-id=\"bebece2\" data-element_type=\"column\">\n\t\t\t<div class=\"elementor-widget-wrap elementor-element-populated\">\n\t\t\t\t\t\t\t\t<div class=\"elementor-element elementor-element-15ca1e4 elementor-widget elementor-widget-text-editor\" data-id=\"15ca1e4\" data-element_type=\"widget\" data-widget_type=\"text-editor.default\">\n\t\t\t\t<div class=\"elementor-widget-container\">\n\t\t\t<style>\/*! elementor - v3.15.0 - 02-08-2023 *\/\n.elementor-widget-text-editor.elementor-drop-cap-view-stacked .elementor-drop-cap{background-color:#69727d;color:#fff}.elementor-widget-text-editor.elementor-drop-cap-view-framed .elementor-drop-cap{color:#69727d;border:3px solid;background-color:transparent}.elementor-widget-text-editor:not(.elementor-drop-cap-view-default) .elementor-drop-cap{margin-top:8px}.elementor-widget-text-editor:not(.elementor-drop-cap-view-default) .elementor-drop-cap-letter{width:1em;height:1em}.elementor-widget-text-editor .elementor-drop-cap{float:left;text-align:center;line-height:1;font-size:50px}.elementor-widget-text-editor .elementor-drop-cap-letter{display:inline-block}<\/style>\t\t\t\t<p>P<b>olityka Prywatno\u015bci<\/b><\/p>\n<p>W niniejszym dokumencie przedstawiamy najwa\u017cniejsze informacje dotycz\u0105ce zasad przetwarzania danych osobowych, wskazujemy i wyja\u015bniamy, w jakich celach to robimy, na jakiej podstawie prawnej, jak d\u0142ugo je przechowujemy. Informujemy r\u00f3wnie\u017c, jakie prawa przys\u0142uguj\u0105 osobom, kt\u00f3rych dane przetwarzamy.<\/p>\n<p><\/p>\n<p><strong>Kto jest administratorem Pa\u0144stwa danych osobowych<\/strong><\/p>\n<ul>\n<li>Administratorem Pani\/Pana danych osobowych jest: <b>DIABCOR SPECJALISTYCZNA PRAKTYKA LEKARSKA<\/b><strong>&nbsp;<\/strong>z siedzib\u0105 w Poznaniu przy ulicy Lindego 6, 60-573 Pozna\u0144,. <b>Firma<\/b> jako administrator danych \u2013 dok\u0142ada najwy\u017cszej staranno\u015bci, aby zrealizowa\u0107 wymogi Rozporz\u0105dzenia Parlamentu Europejskiego i Rady (UE) 2016\/679 z 27 kwietnia 2016 r. w&nbsp;sprawie ochrony os\u00f3b fizycznych w&nbsp;zwi\u0105zku z&nbsp;przetwarzaniem danych osobowych i&nbsp;w&nbsp;sprawie swobodnego przep\u0142ywu takich danych oraz&nbsp;uchylenia dyrektywy 95\/46\/WE (og\u00f3lne rozporz\u0105dzenie o&nbsp;ochronie danych) (\u201e<strong>RODO<\/strong>\u201d) i w ten spos\u00f3b chroni\u0107 Pa\u0144stwa dane osobowe.<\/li>\n<li>Mog\u0105 si\u0119 Pa\u0144stwo kontaktowa\u0107 z nami za po\u015brednictwem poczty zwyk\u0142ej na wskazany wy\u017cej adres siedziby lub za po\u015brednictwem poczty elektronicznej na adres email: <b><u>diabcor.gabinety@gmail.com&nbsp;<\/u><\/b><\/li>\n<\/ul>\n<p><strong>&nbsp;<\/strong><\/p>\n<p><strong>Cel, podstawa prawna i okres przetwarzania Pa\u0144stwa danych osobowych<\/strong><\/p>\n<p>W ramach swojej dzia\u0142alno\u015bci Firma mo\u017ce gromadzi\u0107 i przetwarza\u0107 Pa\u0144stwa dane osobowe:<\/p>\n<ul>\n<li><strong>W celu ochrony stanu zdrowia, \u015bwiadczenia us\u0142ug medycznych, zarz\u0105dzania udzielaniem tych us\u0142ug oraz leczenia<\/strong><\/li>\n<\/ul>\n<p>(podstawa prawna: art. 6 ust. 1 lit. b &nbsp;i c RODO w zwi\u0105zku z przepisami ustawy z 15 kwietnia 2011 roku o dzia\u0142alno\u015bci leczniczej oraz ustawy z 6 listopada 2008 roku o prawach pacjenta i Rzeczniku Praw Pacjenta. Podstaw\u0105 prawn\u0105 przetwarzania danych w zakresie, jaki jest niezb\u0119dny dla ochrony \u017cywotnych interes\u00f3w pacjenta, mo\u017ce by\u0107 r\u00f3wnie\u017c art. 6 ust. 1 lit. d RODO. W zakresie, w jakim przetwarzane dane obejmuj\u0105 dane szczeg\u00f3lnych kategorii, podstaw\u0105 prawn\u0105 przetwarzania danych jest art. 9 ust. 2 lit. c, h oraz i RODO.)<\/p>\n<p>W tym przypadku dane osobowe b\u0119d\u0105 przetwarzane tak d\u0142ugo jak wynika to z obowi\u0105zuj\u0105cych przepis\u00f3w prawa.<\/p>\n<ul>\n<li><strong>W&nbsp;celach wynikaj\u0105cych z prawnie uzasadnionych interes\u00f3w realizowanych przez Firm\u0119 jako administratora danych<\/strong><\/li>\n<li>w celu udzielenia odpowiedzi na pytania przekazywane przez Pa\u0144stwa do Firmy za po\u015brednictwem formularza kontaktowego na stronie internetowej,<\/li>\n<li>w celu ochrony przed roszczeniami w zwi\u0105zku z prowadzon\u0105 dzia\u0142alno\u015bci\u0105,<\/li>\n<li>w celu informowania o wydarzeniach organizowanych przez Firm\u0119 oraz dzia\u0142alno\u015bci Firmy,<\/li>\n<\/ul>\n<p>(podstawa prawna: art. 6 ust. 1 lit. a i f RODO)<\/p>\n<p>W powy\u017cszych przypadkach dane Pa\u0144stwa b\u0119d\u0105 przetwarzane do czasu udzielenia odpowiedzi na zadane przez Pa\u0144stwa pytania przekazane do Firm\u0119, a nast\u0119pnie przez 3 lata w celu ochrony przed ewentualnymi roszczeniami lub do wycofania przez Pa\u0144stwa zgody na ich przetwarzanie.<\/p>\n<p>W przypadku, gdy toczy si\u0119 sp\u00f3r lub trwa post\u0119powanie, w szczeg\u00f3lno\u015bci s\u0105dowe, okres przetwarzania b\u0119dzie liczony od dnia zako\u0144czenia sporu lub prawomocnego zako\u0144czenia post\u0119powania.<\/p>\n<ul>\n<li><strong>W&nbsp;celu realizacji um\u00f3w zawartych przez Firm\u0119 z podmiotami i osobami wsp\u00f3\u0142pracuj\u0105cymi<\/strong><\/li>\n<\/ul>\n<p>(podstawa prawna: art. 6 ust. 1 lit. b RODO)<\/p>\n<p>W powy\u017cszym przypadku dane Pa\u0144stwa b\u0119d\u0105 przetwarzane przez okres wsp\u00f3\u0142pracy i przez okres przewidziany przepisami prawa w celu ochrony przed ewentualnymi roszczeniami.<\/p>\n<ul>\n<li><strong>W&nbsp;celu prowadzenia proces\u00f3w rekrutacyjnych przez Firm\u0119<\/strong><\/li>\n<\/ul>\n<p>(podstawa prawna: 6 ust. 1 lit. a i b RODO)<\/p>\n<p>W niniejszym przypadku Pa\u0144stwa dane przetwarzane b\u0119d\u0105 przez okres rekrutacji oraz, je\u015bli Pa\u0144stwo wyra\u017c\u0105 zgod\u0119 \u2013 dla cel\u00f3w przysz\u0142ych rekrutacji przez okres zadeklarowany na odr\u0119bnym o\u015bwiadczeniu.<\/p>\n<ul>\n<li><strong>W celu wype\u0142nienia obowi\u0105zk\u00f3w prawnych ci\u0105\u017c\u0105cych na Firmi\u0119<\/strong><\/li>\n<\/ul>\n<p>(podstawa prawna art. 6 ust. 1 lit. c RODO).<\/p>\n<p>W tym przypadku dane osobowe b\u0119d\u0105 przetwarzane tak d\u0142ugo jak wynika to z obowi\u0105zuj\u0105cych przepis\u00f3w prawa.<\/p>\n<p>Przy przetwarzaniu danych osobowych przez Firm\u0119 nie wyst\u0119puje zautomatyzowane podejmowanie decyzji o przetwarzaniu danych osobowych, w tym profilowanie.<\/p>\n<p><\/p>\n<p><strong>Przekazywanie danych osobowych innym podmiotom<\/strong><\/p>\n<p><strong>&nbsp;<\/strong>Odbiorcami Pa\u0144stwa danych osobowych mog\u0105 by\u0107 nasi kontrahenci, dostawcy us\u0142ug i towar\u00f3w a tak\u017ce inne podmioty przetwarzaj\u0105ce dane w imieniu Firmy na podstawie umowy powierzenia przetwarzania danych osobowych, jak r\u00f3wnie\u017c audytorzy, prawnicy, doradcy i konsultanci wsp\u00f3\u0142pracuj\u0105cy z Firm\u0105<\/p>\n<ul>\n<li>Podmioty te dzia\u0142aj\u0105 na podstawie um\u00f3w powierzenia i na r\u00f3wni z Firm\u0105 s\u0105 zobowi\u0105zane do ochrony danych osobowych.<\/li>\n<li>O\u015bwiadczamy, i\u017c nigdy nie przekazujemy Pani\/Pana danych, nie sprzedajemy ich ani nie wymieniamy si\u0119 nimi w celach marketingowych.<\/li>\n<\/ul>\n<p><strong>Prawa os\u00f3b, kt\u00f3rych dane osobowe przetwarzamy<\/strong><\/p>\n<ul>\n<li>Zgodnie z RODO (art. 15 \u2013 22) przys\u0142uguje Pa\u0144stwu prawo dost\u0119pu do swoich danych, prawo uzyskania kopii danych, prawo ograniczenia przetwarzania a tak\u017ce prawo \u017c\u0105dania sprostowania oraz \u2013 w okre\u015blonych przypadkach \u2013 usuni\u0119cia lub ograniczenia ich przetwarzania.<\/li>\n<li>Osoby, kt\u00f3rych dane przetwarzamy na podstawie naszego prawnie uzasadnionego interesu mog\u0105 zg\u0142osi\u0107 sprzeciw, o\u015bwiadczaj\u0105c, \u017ce nie \u017cycz\u0105 sobie, by\u015bmy na tej podstawie przetwarzali ich dane osobowe.<\/li>\n<li>Firma jako administrator nie udost\u0119pnia Pa\u0144stwa danych osobom nieuprawnionym. Dlatego je\u015bli b\u0119dziemy mieli w\u0105tpliwo\u015bci co do tego, \u017ce osoba, kt\u00f3ra np. prosi o dost\u0119p do danych lub \u017c\u0105da ich usuni\u0119cia, to rzeczywi\u015bcie osoba, kt\u00f3rej dane przetwarzamy, mo\u017cemy zwr\u00f3ci\u0107 si\u0119 do niej z pro\u015bb\u0105 o dodatkowe informacje.<\/li>\n<\/ul>\n<p><strong>Prawo wniesienia skargi do PUODO<\/strong><\/p>\n<p><strong>&nbsp;<\/strong>W przypadku gdy uznaj\u0105 Pa\u0144stwo, \u017ce ich prawa zosta\u0142y naruszone, przys\u0142uguje Pa\u0144stwu skarga do Prezesa Urz\u0119du Ochrony Danych Osobowych.<\/p>\t\t\t\t\t\t<\/div>\n\t\t\t\t<\/div>\n\t\t\t\t\t<\/div>\n\t\t<\/div>\n\t\t\t\t\t\t\t<\/div>\n\t\t<\/section>\n\t\t\t\t\t\t\t<\/div>\n\t\t","protected":false},"excerpt":{"rendered":"<p>Polityka prywatno\u015bci &#8211; Diabcor Polityka Prywatno\u015bci W niniejszym dokumencie przedstawiamy najwa\u017cniejsze informacje dotycz\u0105ce zasad przetwarzania danych osobowych, wskazujemy i wyja\u015bniamy, w jakich celach to robimy, na jakiej podstawie prawnej, jak d\u0142ugo je przechowujemy. Informujemy r\u00f3wnie\u017c, jakie prawa przys\u0142uguj\u0105 osobom, kt\u00f3rych dane przetwarzamy. Kto jest administratorem Pa\u0144stwa danych osobowych Administratorem Pani\/Pana danych osobowych jest: DIABCOR SPECJALISTYCZNA [&hellip;]<\/p>\n","protected":false},"author":1,"featured_media":0,"parent":0,"menu_order":0,"comment_status":"closed","ping_status":"closed","template":"","meta":{"_mi_skip_tracking":false,"footnotes":""},"class_list":["post-8999","page","type-page","status-publish","hentry"],"acf":[],"aioseo_notices":[],"_links":{"self":[{"href":"https:\/\/diabcor.pl\/index.php?rest_route=\/wp\/v2\/pages\/8999","targetHints":{"allow":["GET"]}}],"collection":[{"href":"https:\/\/diabcor.pl\/index.php?rest_route=\/wp\/v2\/pages"}],"about":[{"href":"https:\/\/diabcor.pl\/index.php?rest_route=\/wp\/v2\/types\/page"}],"author":[{"embeddable":true,"href":"https:\/\/diabcor.pl\/index.php?rest_route=\/wp\/v2\/users\/1"}],"replies":[{"embeddable":true,"href":"https:\/\/diabcor.pl\/index.php?rest_route=%2Fwp%2Fv2%2Fcomments&post=8999"}],"version-history":[{"count":13,"href":"https:\/\/diabcor.pl\/index.php?rest_route=\/wp\/v2\/pages\/8999\/revisions"}],"predecessor-version":[{"id":17999,"href":"https:\/\/diabcor.pl\/index.php?rest_route=\/wp\/v2\/pages\/8999\/revisions\/17999"}],"wp:attachment":[{"href":"https:\/\/diabcor.pl\/index.php?rest_route=%2Fwp%2Fv2%2Fmedia&parent=8999"}],"curies":[{"name":"wp","href":"https:\/\/api.w.org\/{rel}","templated":true}]}}